{"id":49,"date":"2014-02-15T23:45:49","date_gmt":"2014-02-15T21:45:49","guid":{"rendered":"http:\/\/schreibkultur.requirements.de\/?page_id=49"},"modified":"2020-05-17T17:21:14","modified_gmt":"2020-05-17T15:21:14","slug":"jazztime-boeblingen-14-02-2014-live","status":"publish","type":"page","link":"https:\/\/schreibkultur.requirements.de\/?page_id=49&lang=de","title":{"rendered":"Ton"},"content":{"rendered":"<h2><span style=\"color: #000000;\">Die Tonspur &#8230;<\/span><\/h2>\n<p><span style=\"color: #000000;\">Einige Eindr\u00fccke vom Konzert. Leider konnte nicht gezoomt werden und der Sound war &#8222;live&#8220; sehr gut (aber meine Aufnahmetechnik leider nicht).<\/span><\/p>\n<p><span style=\"color: #000000;\">Die Videos sind im Telekom-Mediencenter abgelegt.<\/span><\/p>\n<h2><span style=\"color: #000000;\">Was leider nicht festgehalten wurde<\/span><\/h2>\n<p><span style=\"color: #000000;\">Eines der letzten St\u00fccke, die gespielt wurden, war ein Song von George Benson (Anmerkung: Ein amerikanischer Jazz-Gitarrist). Mir pers\u00f6nlich hatte das Solo von Claas in diesem St\u00fcck am besten gefallen. Claas zeigte hier all sein K\u00f6nnen, obwohl nicht einfach, wurde das Solo scheinbar m\u00fchelos gespielt und beim Publikum war ein Staunen zu beobachten.<\/span><\/p>\n<p><span style=\"color: #000000;\">Ich glaube, dass Claas hier viel von seinem pers\u00f6nlichen Stil eingebracht hat. Jazzig, ein wenig Funk und ein wenig Rock. <\/span><\/p>\n<p><span style=\"color: #000000;\">Leider habe ich dieses Highlight nicht in Bild und Ton festgehalten, aber da wollte ich einfach nur genie\u00dfen.<\/span><\/p>\n<h2><span style=\"color: #000000;\">Der Link im Telekom-Mediencenter<\/span><\/h2>\n<p><span style=\"color: #000000;\">Der Link auf die Videos wurde per Mail verschickt. Der Umzug der Videos ins Mediencenter ist notwendig, da der Platz in SkyDrive knapp wurde.<\/span><\/p>\n<p><a href=\"https:\/\/mediencenter.t-online.de\/static\/mc.html#share\/show\/share\/108245097884891\/JazzTime%20B%C3%B6blingen\">https:\/\/mediencenter.t-online.de\/static\/mc.html#share\/show\/share\/108245097884891\/JazzTime%20B%C3%B6blingen<\/a><\/p>\n","protected":false},"excerpt":{"rendered":"<p>Die Tonspur &#8230; Einige Eindr\u00fccke vom Konzert. Leider konnte nicht gezoomt werden und der Sound war &#8222;live&#8220; sehr gut (aber meine Aufnahmetechnik leider nicht). Die Videos sind im Telekom-Mediencenter abgelegt. Was leider nicht festgehalten wurde Eines der letzten St\u00fccke, die gespielt wurden, war ein Song von George Benson (Anmerkung: Ein amerikanischer Jazz-Gitarrist). Mir pers\u00f6nlich hatte&#8230;<\/p>\n","protected":false},"author":1,"featured_media":56,"parent":51,"menu_order":1,"comment_status":"open","ping_status":"closed","template":"","meta":{"footnotes":""},"aioseo_notices":[],"_links":{"self":[{"href":"https:\/\/schreibkultur.requirements.de\/index.php?rest_route=\/wp\/v2\/pages\/49"}],"collection":[{"href":"https:\/\/schreibkultur.requirements.de\/index.php?rest_route=\/wp\/v2\/pages"}],"about":[{"href":"https:\/\/schreibkultur.requirements.de\/index.php?rest_route=\/wp\/v2\/types\/page"}],"author":[{"embeddable":true,"href":"https:\/\/schreibkultur.requirements.de\/index.php?rest_route=\/wp\/v2\/users\/1"}],"replies":[{"embeddable":true,"href":"https:\/\/schreibkultur.requirements.de\/index.php?rest_route=%2Fwp%2Fv2%2Fcomments&post=49"}],"version-history":[{"count":9,"href":"https:\/\/schreibkultur.requirements.de\/index.php?rest_route=\/wp\/v2\/pages\/49\/revisions"}],"predecessor-version":[{"id":178,"href":"https:\/\/schreibkultur.requirements.de\/index.php?rest_route=\/wp\/v2\/pages\/49\/revisions\/178"}],"up":[{"embeddable":true,"href":"https:\/\/schreibkultur.requirements.de\/index.php?rest_route=\/wp\/v2\/pages\/51"}],"wp:featuredmedia":[{"embeddable":true,"href":"https:\/\/schreibkultur.requirements.de\/index.php?rest_route=\/wp\/v2\/media\/56"}],"wp:attachment":[{"href":"https:\/\/schreibkultur.requirements.de\/index.php?rest_route=%2Fwp%2Fv2%2Fmedia&parent=49"}],"curies":[{"name":"wp","href":"https:\/\/api.w.org\/{rel}","templated":true}]}}