{"id":31,"date":"2014-02-15T23:37:45","date_gmt":"2014-02-15T21:37:45","guid":{"rendered":"http:\/\/schreibkultur.requirements.de\/?page_id=31"},"modified":"2020-05-17T17:18:17","modified_gmt":"2020-05-17T15:18:17","slug":"schreiben-und-mehr","status":"publish","type":"page","link":"https:\/\/schreibkultur.requirements.de\/?page_id=31&lang=de","title":{"rendered":"Schreiben und mehr"},"content":{"rendered":"\n<div class=\"wp-block-cover has-background-dim\" style=\"background-image:url(https:\/\/schreibkultur.requirements.de\/wp-content\/uploads\/2014\/08\/WP_20140809_004.jpg)\"><div class=\"wp-block-cover__inner-container is-layout-flow wp-block-cover-is-layout-flow\">\n<p class=\"has-text-align-center has-large-font-size\"><\/p>\n<\/div><\/div>\n\n\n<h1>Schreiben von Hand &#8230; altmodisch?<\/h1>\n<p>Meine Schulzeit liegt nun schon etliche Jahrzehnte zur\u00fcck. Seit einiger Zeit lese ich \u00f6fters Artikel, in denen der Einzug der neuen Technologien in den Schulunterricht propagiert wird. Mit \u00dcberschriften wie &#8222;Aus f\u00fcr den F\u00fcllfederhalter &#8211; mit dem iPad ins Klassenzimmer&#8220; oder \u00e4hnlichen Titeln wird suggeriert, dass das Schreiben von Hand eine von Nostalgie gepr\u00e4gte Fertigkeit ist.<\/p>\n<p>Leider sind meine alten Zeugnisse der Grundschulzeit nicht mehr auffindbar, aber ich kann mich noch daran erinnern, dass &#8222;Sch\u00f6nschreiben&#8220; in den 60er Jahren an den Grundschulen in Baden-W\u00fcrttemberg ein eigenst\u00e4ndiges Schulfach war. Und es war, zumindest in den Grundschultagen, verboten, mit Kugelschreiber zu schreiben. Aber war diese Vorgabe als Z\u00fcchtigung zu verstehen?<\/p>\n<p>In diesem Jahr feiert der F\u00fcllfederhalter seinen 130. Geburtstag. In der Ausgabe vom 12.02.2014&nbsp;von &#8222;SPIEGEL ONLINE&#8220; findet sich ein kurzes Interview, das dieses Jubil\u00e4um behandelt. Obwohl ich nicht allen Punkten des Gespr\u00e4chs zustimmen kann, so&nbsp;gef\u00e4llt mir&nbsp;die Formulierung von einem &#8222;bewussten Notieren&#8220; als Charakterisierung des Schreibens mit einem F\u00fcllfederhalter. Ein weiterer Punkt, der im Gespr\u00e4ch genannt wird und sich sehr oft bewahrheitet ist, dass die Wahl des Schreibger\u00e4ts vernachl\u00e4ssigt wird. Der Plastik-Kugelschreiber mit Werbeaufdruck mag in bestimmten Situationen zweckm\u00e4\u00dfig sein, aber nicht immer sch\u00f6n.<br>\nIst &#8222;sch\u00f6n&#8220; nun gleichbedeutend mit &#8222;teuer&#8220;?<br>\nNein. Diese Auffassung ist leider weit verbreitet. Es gibt Hersteller von Schreibger\u00e4ten,&nbsp;deren Produkte zuweilen&nbsp;das Sch\u00f6nheitsideal am Preis orientieren.&nbsp;Und es gibt Hersteller von Schreibger\u00e4ten, bei denen handwerkliche Kunst, Form und Gebrauchstauglichkeit im Vordergrund stehen und so die Produkte wertvoll gestalten.<\/p>\n<p>Ob ein Schreibger\u00e4t in den oberen oder in normalen (= erschwinglichen) Preisregionen angesiedelt ist, das Schreiben von Hand ist einzigartig und sollte als wesentlicher Teil unserer Kultur gepflegt werden.<\/p>\n<p>&nbsp;<\/p>\n<p>&nbsp;<\/p>","protected":false},"excerpt":{"rendered":"<p>Schreiben von Hand &#8230; altmodisch? Meine Schulzeit liegt nun schon etliche Jahrzehnte zur\u00fcck. Seit einiger Zeit lese ich \u00f6fters Artikel, in denen der Einzug der neuen Technologien in den Schulunterricht propagiert wird. Mit \u00dcberschriften wie &#8222;Aus f\u00fcr den F\u00fcllfederhalter &#8211; mit dem iPad ins Klassenzimmer&#8220; oder \u00e4hnlichen Titeln wird suggeriert, dass das Schreiben von Hand&#8230;<\/p>\n","protected":false},"author":1,"featured_media":0,"parent":0,"menu_order":0,"comment_status":"open","ping_status":"open","template":"","meta":{"footnotes":""},"aioseo_notices":[],"_links":{"self":[{"href":"https:\/\/schreibkultur.requirements.de\/index.php?rest_route=\/wp\/v2\/pages\/31"}],"collection":[{"href":"https:\/\/schreibkultur.requirements.de\/index.php?rest_route=\/wp\/v2\/pages"}],"about":[{"href":"https:\/\/schreibkultur.requirements.de\/index.php?rest_route=\/wp\/v2\/types\/page"}],"author":[{"embeddable":true,"href":"https:\/\/schreibkultur.requirements.de\/index.php?rest_route=\/wp\/v2\/users\/1"}],"replies":[{"embeddable":true,"href":"https:\/\/schreibkultur.requirements.de\/index.php?rest_route=%2Fwp%2Fv2%2Fcomments&post=31"}],"version-history":[{"count":5,"href":"https:\/\/schreibkultur.requirements.de\/index.php?rest_route=\/wp\/v2\/pages\/31\/revisions"}],"predecessor-version":[{"id":1673,"href":"https:\/\/schreibkultur.requirements.de\/index.php?rest_route=\/wp\/v2\/pages\/31\/revisions\/1673"}],"wp:attachment":[{"href":"https:\/\/schreibkultur.requirements.de\/index.php?rest_route=%2Fwp%2Fv2%2Fmedia&parent=31"}],"curies":[{"name":"wp","href":"https:\/\/api.w.org\/{rel}","templated":true}]}}