{"id":163,"date":"2014-02-16T08:26:49","date_gmt":"2014-02-16T06:26:49","guid":{"rendered":"http:\/\/schreibkultur.requirements.de\/?page_id=163"},"modified":"2020-05-17T17:21:29","modified_gmt":"2020-05-17T15:21:29","slug":"profil","status":"publish","type":"page","link":"https:\/\/schreibkultur.requirements.de\/?page_id=163&lang=de","title":{"rendered":"Profil"},"content":{"rendered":"\n<div class=\"wp-block-cover has-background-dim\" style=\"background-image:url(https:\/\/schreibkultur.requirements.de\/wp-content\/uploads\/2019\/11\/B78EF83B-C6D7-4FCC-9FC5-95585D63CFFF-1.jpg)\"><div class=\"wp-block-cover__inner-container is-layout-flow wp-block-cover-is-layout-flow\">\n<p class=\"has-text-align-center has-large-font-size\"><\/p>\n<\/div><\/div>\n\n\n<p>Seit \u00fcber 30 Jahren besch\u00e4ftige ich mich mit Bit und Bytes. Schreiben in den unterschiedlichsten Auspr\u00e4gungen geh\u00f6rt zu meinem Alltag.<br>Ob Quellcode f\u00fcr neue Informationssysteme, Spezifikation oder Dokumentationen, Pr\u00e4sentationen oder Vortr\u00e4ge &#8211; oder auch nur die t\u00e4glichen Mails, der Tag ist gepr\u00e4gt vom geschriebenen Wort.<\/p>\n<p>Ob digital oder analog, diese Webseite stellt Werkzeuge aus beiden Welten vor, deren Design au\u00dfergew\u00f6hnlich und gut ist.<\/p>\n<p>Abschlie\u00dfend noch ein Hinweis auf meine gesch\u00e4ftliche Webseite, die unter<br><a href=\"https:\/\/information-innovation.de\">https:\/\/information-innovation.de<\/a> zu finden ist.<\/p>","protected":false},"excerpt":{"rendered":"<p>Seit \u00fcber 30 Jahren besch\u00e4ftige ich mich mit Bit und Bytes. Schreiben in den unterschiedlichsten Auspr\u00e4gungen geh\u00f6rt zu meinem Alltag.Ob Quellcode f\u00fcr neue Informationssysteme, Spezifikation oder Dokumentationen, Pr\u00e4sentationen oder Vortr\u00e4ge &#8211; oder auch nur die t\u00e4glichen Mails, der Tag ist gepr\u00e4gt vom geschriebenen Wort. Ob digital oder analog, diese Webseite stellt Werkzeuge aus beiden Welten&#8230;<\/p>\n","protected":false},"author":1,"featured_media":0,"parent":0,"menu_order":6,"comment_status":"open","ping_status":"open","template":"","meta":{"footnotes":""},"aioseo_notices":[],"_links":{"self":[{"href":"https:\/\/schreibkultur.requirements.de\/index.php?rest_route=\/wp\/v2\/pages\/163"}],"collection":[{"href":"https:\/\/schreibkultur.requirements.de\/index.php?rest_route=\/wp\/v2\/pages"}],"about":[{"href":"https:\/\/schreibkultur.requirements.de\/index.php?rest_route=\/wp\/v2\/types\/page"}],"author":[{"embeddable":true,"href":"https:\/\/schreibkultur.requirements.de\/index.php?rest_route=\/wp\/v2\/users\/1"}],"replies":[{"embeddable":true,"href":"https:\/\/schreibkultur.requirements.de\/index.php?rest_route=%2Fwp%2Fv2%2Fcomments&post=163"}],"version-history":[{"count":11,"href":"https:\/\/schreibkultur.requirements.de\/index.php?rest_route=\/wp\/v2\/pages\/163\/revisions"}],"predecessor-version":[{"id":1671,"href":"https:\/\/schreibkultur.requirements.de\/index.php?rest_route=\/wp\/v2\/pages\/163\/revisions\/1671"}],"wp:attachment":[{"href":"https:\/\/schreibkultur.requirements.de\/index.php?rest_route=%2Fwp%2Fv2%2Fmedia&parent=163"}],"curies":[{"name":"wp","href":"https:\/\/api.w.org\/{rel}","templated":true}]}}